{"id":44,"date":"2015-05-04T09:02:09","date_gmt":"2015-05-04T09:02:09","guid":{"rendered":"http:\/\/enas.dk\/?page_id=44"},"modified":"2019-05-30T15:25:17","modified_gmt":"2019-05-30T15:25:17","slug":"referencer","status":"publish","type":"page","link":"http:\/\/enas.dk\/?page_id=44","title":{"rendered":"Referencer"},"content":{"rendered":"\n<p>Special opgaver er vores spids kompetence og alle opgaver bliver lavet med h\u00f8j kvalitet af professionelle h\u00e5ndv\u00e6rkere.<\/p>\n\n\n\n<div class=\"wp-block-image\"><figure class=\"alignleft\"><a href=\"http:\/\/enas.dk\/?page_id=204\"><img data-attachment-id=\"208\" data-permalink=\"http:\/\/enas.dk\/?attachment_id=208\" data-orig-file=\"https:\/\/i1.wp.com\/enas.dk\/wp-content\/uploads\/2019\/05\/Special-opgaver.jpg?fit=468%2C98\" data-orig-size=\"468,98\" data-comments-opened=\"1\" data-image-meta=\"{&quot;aperture&quot;:&quot;0&quot;,&quot;credit&quot;:&quot;Getty Images&quot;,&quot;camera&quot;:&quot;&quot;,&quot;caption&quot;:&quot;cedar wood shaving on 255 white background. see portfolio for other wood curl options.http:\\\/\\\/www.garyalvis.com\\\/images\\\/buildingProjects.jpg&quot;,&quot;created_timestamp&quot;:&quot;0&quot;,&quot;copyright&quot;:&quot;&quot;,&quot;focal_length&quot;:&quot;0&quot;,&quot;iso&quot;:&quot;0&quot;,&quot;shutter_speed&quot;:&quot;0&quot;,&quot;title&quot;:&quot;&quot;,&quot;orientation&quot;:&quot;1&quot;}\" data-image-title=\"Special opgaver\" data-image-description=\"\" data-medium-file=\"https:\/\/i1.wp.com\/enas.dk\/wp-content\/uploads\/2019\/05\/Special-opgaver.jpg?fit=300%2C63\" data-large-file=\"https:\/\/i1.wp.com\/enas.dk\/wp-content\/uploads\/2019\/05\/Special-opgaver.jpg?fit=468%2C98\" loading=\"lazy\" width=\"468\" height=\"98\" src=\"https:\/\/i1.wp.com\/enas.dk\/wp-content\/uploads\/2019\/05\/Special-opgaver.jpg?resize=468%2C98\" alt=\"Link til special opgaver\" class=\"wp-image-208\" srcset=\"https:\/\/i1.wp.com\/enas.dk\/wp-content\/uploads\/2019\/05\/Special-opgaver.jpg?w=468 468w, https:\/\/i1.wp.com\/enas.dk\/wp-content\/uploads\/2019\/05\/Special-opgaver.jpg?resize=300%2C63 300w\" sizes=\"(max-width: 468px) 100vw, 468px\" data-recalc-dims=\"1\" \/><\/a><\/figure><\/div>\n\n\n\n<figure class=\"wp-block-image\"><a href=\"http:\/\/enas.dk\/?page_id=214\"><img data-attachment-id=\"217\" data-permalink=\"http:\/\/enas.dk\/?attachment_id=217\" data-orig-file=\"https:\/\/i0.wp.com\/enas.dk\/wp-content\/uploads\/2019\/05\/M\u00f8bler.jpg?fit=312%2C98\" data-orig-size=\"312,98\" data-comments-opened=\"1\" data-image-meta=\"{&quot;aperture&quot;:&quot;0&quot;,&quot;credit&quot;:&quot;Getty Images&quot;,&quot;camera&quot;:&quot;&quot;,&quot;caption&quot;:&quot;cedar wood shaving on 255 white background. see portfolio for other wood curl options.http:\\\/\\\/www.garyalvis.com\\\/images\\\/buildingProjects.jpg&quot;,&quot;created_timestamp&quot;:&quot;0&quot;,&quot;copyright&quot;:&quot;&quot;,&quot;focal_length&quot;:&quot;0&quot;,&quot;iso&quot;:&quot;0&quot;,&quot;shutter_speed&quot;:&quot;0&quot;,&quot;title&quot;:&quot;&quot;,&quot;orientation&quot;:&quot;1&quot;}\" data-image-title=\"M\u00f8bler\" data-image-description=\"\" data-medium-file=\"https:\/\/i0.wp.com\/enas.dk\/wp-content\/uploads\/2019\/05\/M\u00f8bler.jpg?fit=300%2C94\" data-large-file=\"https:\/\/i0.wp.com\/enas.dk\/wp-content\/uploads\/2019\/05\/M\u00f8bler.jpg?fit=312%2C98\" loading=\"lazy\" width=\"312\" height=\"98\" src=\"https:\/\/i0.wp.com\/enas.dk\/wp-content\/uploads\/2019\/05\/M\u00f8bler.jpg?resize=312%2C98\" alt=\"\" class=\"wp-image-217\" srcset=\"https:\/\/i0.wp.com\/enas.dk\/wp-content\/uploads\/2019\/05\/M\u00f8bler.jpg?w=312 312w, https:\/\/i0.wp.com\/enas.dk\/wp-content\/uploads\/2019\/05\/M\u00f8bler.jpg?resize=300%2C94 300w\" sizes=\"(max-width: 312px) 100vw, 312px\" data-recalc-dims=\"1\" \/><\/a><figcaption><br><br><\/figcaption><\/figure>\n\n\n\n<figure class=\"wp-block-image\"><a href=\"http:\/\/enas.dk\/?page_id=235\"><img data-attachment-id=\"242\" data-permalink=\"http:\/\/enas.dk\/?attachment_id=242\" data-orig-file=\"https:\/\/i0.wp.com\/enas.dk\/wp-content\/uploads\/2019\/05\/Vinduer.jpg?fit=312%2C98\" data-orig-size=\"312,98\" data-comments-opened=\"1\" data-image-meta=\"{&quot;aperture&quot;:&quot;0&quot;,&quot;credit&quot;:&quot;Getty Images&quot;,&quot;camera&quot;:&quot;&quot;,&quot;caption&quot;:&quot;cedar wood shaving on 255 white background. see portfolio for other wood curl options.http:\\\/\\\/www.garyalvis.com\\\/images\\\/buildingProjects.jpg&quot;,&quot;created_timestamp&quot;:&quot;0&quot;,&quot;copyright&quot;:&quot;&quot;,&quot;focal_length&quot;:&quot;0&quot;,&quot;iso&quot;:&quot;0&quot;,&quot;shutter_speed&quot;:&quot;0&quot;,&quot;title&quot;:&quot;&quot;,&quot;orientation&quot;:&quot;1&quot;}\" data-image-title=\"Vinduer\" data-image-description=\"\" data-medium-file=\"https:\/\/i0.wp.com\/enas.dk\/wp-content\/uploads\/2019\/05\/Vinduer.jpg?fit=300%2C94\" data-large-file=\"https:\/\/i0.wp.com\/enas.dk\/wp-content\/uploads\/2019\/05\/Vinduer.jpg?fit=312%2C98\" loading=\"lazy\" width=\"312\" height=\"98\" src=\"https:\/\/i0.wp.com\/enas.dk\/wp-content\/uploads\/2019\/05\/Vinduer.jpg?resize=312%2C98\" alt=\"\" class=\"wp-image-242\" srcset=\"https:\/\/i0.wp.com\/enas.dk\/wp-content\/uploads\/2019\/05\/Vinduer.jpg?w=312 312w, https:\/\/i0.wp.com\/enas.dk\/wp-content\/uploads\/2019\/05\/Vinduer.jpg?resize=300%2C94 300w\" sizes=\"(max-width: 312px) 100vw, 312px\" data-recalc-dims=\"1\" \/><\/a><\/figure>\n","protected":false},"excerpt":{"rendered":"<p>Special opgaver er vores spids kompetence og alle opgaver bliver lavet med h\u00f8j kvalitet af professionelle h\u00e5ndv\u00e6rkere.<\/p>\n","protected":false},"author":1,"featured_media":89,"parent":0,"menu_order":0,"comment_status":"open","ping_status":"open","template":"","meta":{"spay_email":""},"jetpack_sharing_enabled":true,"jetpack_shortlink":"https:\/\/wp.me\/P8dBwD-I","jetpack-related-posts":[],"_links":{"self":[{"href":"http:\/\/enas.dk\/index.php?rest_route=\/wp\/v2\/pages\/44"}],"collection":[{"href":"http:\/\/enas.dk\/index.php?rest_route=\/wp\/v2\/pages"}],"about":[{"href":"http:\/\/enas.dk\/index.php?rest_route=\/wp\/v2\/types\/page"}],"author":[{"embeddable":true,"href":"http:\/\/enas.dk\/index.php?rest_route=\/wp\/v2\/users\/1"}],"replies":[{"embeddable":true,"href":"http:\/\/enas.dk\/index.php?rest_route=%2Fwp%2Fv2%2Fcomments&post=44"}],"version-history":[{"count":14,"href":"http:\/\/enas.dk\/index.php?rest_route=\/wp\/v2\/pages\/44\/revisions"}],"predecessor-version":[{"id":254,"href":"http:\/\/enas.dk\/index.php?rest_route=\/wp\/v2\/pages\/44\/revisions\/254"}],"wp:featuredmedia":[{"embeddable":true,"href":"http:\/\/enas.dk\/index.php?rest_route=\/wp\/v2\/media\/89"}],"wp:attachment":[{"href":"http:\/\/enas.dk\/index.php?rest_route=%2Fwp%2Fv2%2Fmedia&parent=44"}],"curies":[{"name":"wp","href":"https:\/\/api.w.org\/{rel}","templated":true}]}}